{"id":2583,"date":"2025-08-06T10:14:54","date_gmt":"2025-08-06T10:14:54","guid":{"rendered":"https:\/\/www.fancyfestival.com\/travelconsulting\/?page_id=2583"},"modified":"2025-08-07T09:24:42","modified_gmt":"2025-08-07T09:24:42","slug":"i-nostri-pacchetti","status":"publish","type":"page","link":"https:\/\/www.fancyfestival.com\/travelconsulting\/i-nostri-pacchetti\/","title":{"rendered":"I nostri Pacchetti"},"content":{"rendered":"\t\t<div data-elementor-type=\"wp-page\" data-elementor-id=\"2583\" class=\"elementor elementor-2583\">\n\t\t\t\t<div class=\"elementor-element elementor-element-17f271f e-con-full e-flex e-con e-parent\" data-id=\"17f271f\" data-element_type=\"container\">\n\t\t<div class=\"elementor-element elementor-element-74f63e5 e-con-full e-flex elementor-invisible e-con e-child\" data-id=\"74f63e5\" data-element_type=\"container\" data-settings=\"{&quot;animation&quot;:&quot;fadeInLeft&quot;}\">\n\t\t\t\t<div class=\"elementor-element elementor-element-3d58f05 elementor-widget elementor-widget-image\" data-id=\"3d58f05\" data-element_type=\"widget\" data-widget_type=\"image.default\">\n\t\t\t\t\t\t\t\t\t\t\t\t\t\t\t<img fetchpriority=\"high\" decoding=\"async\" width=\"2560\" height=\"1438\" src=\"https:\/\/www.fancyfestival.com\/travelconsulting\/wp-content\/uploads\/2025\/08\/5a294c_48eb643b0392453fae95843b44203d4dmv2-scaled.jpg\" class=\"attachment-full size-full wp-image-2662\" alt=\"\" srcset=\"https:\/\/www.fancyfestival.com\/travelconsulting\/wp-content\/uploads\/2025\/08\/5a294c_48eb643b0392453fae95843b44203d4dmv2-scaled.jpg 2560w, https:\/\/www.fancyfestival.com\/travelconsulting\/wp-content\/uploads\/2025\/08\/5a294c_48eb643b0392453fae95843b44203d4dmv2-300x169.jpg 300w, https:\/\/www.fancyfestival.com\/travelconsulting\/wp-content\/uploads\/2025\/08\/5a294c_48eb643b0392453fae95843b44203d4dmv2-1024x575.jpg 1024w, https:\/\/www.fancyfestival.com\/travelconsulting\/wp-content\/uploads\/2025\/08\/5a294c_48eb643b0392453fae95843b44203d4dmv2-768x431.jpg 768w, https:\/\/www.fancyfestival.com\/travelconsulting\/wp-content\/uploads\/2025\/08\/5a294c_48eb643b0392453fae95843b44203d4dmv2-1536x863.jpg 1536w, https:\/\/www.fancyfestival.com\/travelconsulting\/wp-content\/uploads\/2025\/08\/5a294c_48eb643b0392453fae95843b44203d4dmv2-2048x1150.jpg 2048w\" sizes=\"(max-width: 2560px) 100vw, 2560px\" \/>\t\t\t\t\t\t\t\t\t\t\t\t\t\t\t<\/div>\n\t\t\t\t<\/div>\n\t\t<div class=\"elementor-element elementor-element-ee3f4e4 e-con-full e-flex elementor-invisible e-con e-child\" data-id=\"ee3f4e4\" data-element_type=\"container\" data-settings=\"{&quot;animation&quot;:&quot;fadeInRight&quot;}\">\n\t\t\t\t<div class=\"elementor-element elementor-element-b7741d2 elementor-widget__width-initial elementor-widget-laptop__width-inherit elementor-widget elementor-widget-heading\" data-id=\"b7741d2\" data-element_type=\"widget\" data-widget_type=\"heading.default\">\n\t\t\t\t\t<h2 class=\"elementor-heading-title elementor-size-default\">I nostri pacchetti<\/h2>\t\t\t\t<\/div>\n\t\t\t\t<div class=\"elementor-element elementor-element-b1bdc22 elementor-widget elementor-widget-text-editor\" data-id=\"b1bdc22\" data-element_type=\"widget\" data-widget_type=\"text-editor.default\">\n\t\t\t\t\t\t\t\t\t<p>Benvenuti nel cuore pulsante delle nostre terre, dove ogni angolo racconta una storia e ogni vista incanta l&#8217;anima. &#8220;Focus On&#8221; non \u00e8 solo un\u2019esperienza, \u00e8 una celebrazione dei sensi, progettata per farvi vivere il nostro territorio in modo unico e indimenticabile.<\/p>\t\t\t\t\t\t\t\t<\/div>\n\t\t\t\t<\/div>\n\t\t\t\t<\/div>\n\t\t<div class=\"elementor-element elementor-element-f0cbe92 e-flex e-con-boxed e-con e-parent\" data-id=\"f0cbe92\" data-element_type=\"container\">\n\t\t\t\t\t<div class=\"e-con-inner\">\n\t\t\t\t<div class=\"elementor-element elementor-element-fd6b699 elementor-widget__width-initial elementor-widget-laptop__width-inherit elementor-widget elementor-widget-heading\" data-id=\"fd6b699\" data-element_type=\"widget\" data-widget_type=\"heading.default\">\n\t\t\t\t\t<h2 class=\"elementor-heading-title elementor-size-default\">Focus on<\/h2>\t\t\t\t<\/div>\n\t\t\t\t<div class=\"elementor-element elementor-element-6267c70 tabs-style-3 e-n-tabs-mobile elementor-widget elementor-widget-n-tabs\" data-id=\"6267c70\" data-element_type=\"widget\" data-settings=\"{&quot;tabs_justify_horizontal&quot;:&quot;center&quot;,&quot;horizontal_scroll&quot;:&quot;disable&quot;}\" data-widget_type=\"nested-tabs.default\">\n\t\t\t\t\t\t\t<div class=\"e-n-tabs\" data-widget-number=\"103185520\" aria-label=\"Schede. Apri gli elementi con Invio o Spazio, chiudili con Esc e naviga con i tasti freccia.\">\n\t\t\t<div class=\"e-n-tabs-heading\" role=\"tablist\">\n\t\t\t\t\t<button id=\"e-n-tab-title-1031855201\" class=\"e-n-tab-title\" aria-selected=\"true\" data-tab-index=\"1\" role=\"tab\" tabindex=\"0\" aria-controls=\"e-n-tab-content-1031855201\" style=\"--n-tabs-title-order: 1;\">\n\t\t\t\t\t\t<span class=\"e-n-tab-title-text\">\n\t\t\t\tCremolino e dintorni\t\t\t<\/span>\n\t\t<\/button>\n\t\t\t\t<button id=\"e-n-tab-title-1031855202\" class=\"e-n-tab-title\" aria-selected=\"false\" data-tab-index=\"2\" role=\"tab\" tabindex=\"-1\" aria-controls=\"e-n-tab-content-1031855202\" style=\"--n-tabs-title-order: 2;\">\n\t\t\t\t\t\t<span class=\"e-n-tab-title-text\">\n\t\t\t\tGavi\t\t\t<\/span>\n\t\t<\/button>\n\t\t\t\t\t<\/div>\n\t\t\t<div class=\"e-n-tabs-content\">\n\t\t\t\t<div id=\"e-n-tab-content-1031855201\" role=\"tabpanel\" aria-labelledby=\"e-n-tab-title-1031855201\" data-tab-index=\"1\" style=\"--n-tabs-title-order: 1;\" class=\"e-active elementor-element elementor-element-17b215d e-con-full e-flex e-con e-child\" data-id=\"17b215d\" data-element_type=\"container\">\n\t\t\t\t<div class=\"elementor-element elementor-element-2cca959 elementor-widget elementor-widget-text-editor\" data-id=\"2cca959\" data-element_type=\"widget\" data-widget_type=\"text-editor.default\">\n\t\t\t\t\t\t\t\t\t<p class=\"p1\">La nostra guida Claudio vi accompagner\u00e0 alla scoperta di questo incantevole borgo medievale; \u00a0fin dal X secolo \u00e8 stato oggetto di mire espansionistiche da parte di diverse casate, tra cui i Signori del Bosco, i Malaspina e infine i Savoia. Questi ultimi, nei primi decenni del 1700, racchiusero sotto il loro Ducato oltre a Cremolino anche tutto il territorio del Monferrato, giurandone fedelt\u00e0. Il nome del comune di Cremolino affonda le sue origini fin dall\u2019epoca romana dove compare \u201cCurtis-Maurina\u201d come nome identificativo del borgo. Viene poi modificato e riadattato alla parlata popolare, fino a giungere ai nostri giorni come \u201cCremolino\u201d.<\/p><p class=\"p1\">Ancora oggi si erge maestoso, in tutta la sua bellezza, arroccato sopra la collina, un bellissimo castello medievale. Con il suo aspetto imponente, domina il piccolo paesino che circonda la sua struttura.<br \/>Troviamo poi un\u2019altra bellezza architettonica che venne costruita in un\u2019epoca pi\u00f9 antica, rispetto alla mole medievale. Il luogo in questione \u00e8 il santuario della Bruceta, un\u00a0<span class=\"s1\">luogo di culto<\/span>, ricco non solo di bellezze artistiche e storiche, ma anche strettamente collegato alla dimensione spirituale. Qu\u00ec i visitatori possono osservare e godere della bellezza e del silenzio suggestivo dell\u2019ambiente che lo circonda. L\u2019elemento artistico principale, che si pu\u00f2 venerare al suo interno, \u00e8 il ritratto della madonna con bambino su pietra, perfettamente conservato e scampato a un brutto incendio che distrusse la chiesa intorno all\u2019IX secolo.\u00a0<\/p><p class=\"p1\">Edificato tra l\u2019XI e XIII secolo, il castello di Cremolino veniva utilizzato dai signori delle diverse casate che l\u2019hanno succeduto. Era principalmente luogo di difesa e avvistamento a lunga distanza di nemici. La struttura del castello si \u00e8 conservata nel corso dei secoli, mantenendo inalterata la sua originaria bellezza architettonica. Raggiungibile a piedi, percorrendo le piccole viuzze che si diramano per tutto il paese fino a raggiungere la ripida salita che precede il ponte di accesso del castello. Il paese si \u00e8 sviluppato intorno alle mura protettive della sua struttura, garantendo cos\u00ec maggior protezione in caso di attacchi esterni alla comunit\u00e0 nei secoli precedenti.<\/p><p class=\"p1\">Al termine della visita ci spostiamo da Mirepu\u00e0 FoodLab per un light lunch composto da:<\/p><ul class=\"ul1\"><li class=\"li1\">Salumi del territorio<\/li><li class=\"li1\">Formaggi del territorio<\/li><li class=\"li1\">Raviolo del plin con sugo d\u2019arrosto<\/li><li class=\"li1\">Bunet<\/li><li class=\"li1\">1 calice a persona di Ovada docg<\/li><\/ul><p class=\"p1\">Al termine breve trasferimento per raggiungere Morsasco, attraverso le dolci colline del Monferrato e la Big Bench, dalla quale si gode di un panorama mozzafiato.<\/p><h5 class=\"p1\"><b>Quota di partecipazione a partire da \u20ac 65,00<\/b><\/h5>\t\t\t\t\t\t\t\t<\/div>\n\t\t\t\t<\/div>\n\t\t<div id=\"e-n-tab-content-1031855202\" role=\"tabpanel\" aria-labelledby=\"e-n-tab-title-1031855202\" data-tab-index=\"2\" style=\"--n-tabs-title-order: 2;\" class=\" elementor-element elementor-element-c6ebdf0 e-con-full e-flex e-con e-child\" data-id=\"c6ebdf0\" data-element_type=\"container\">\n\t\t\t\t<div class=\"elementor-element elementor-element-5baba45 elementor-widget elementor-widget-text-editor\" data-id=\"5baba45\" data-element_type=\"widget\" data-widget_type=\"text-editor.default\">\n\t\t\t\t\t\t\t\t\t<p>Gavi, non \u00e8 famosa solamente per il vino e il\u00a0 buon cibo. Infatti \u00e8 anche un luogo ricco di storia e attrazioni culturali che le sono valse il titolo di prima bandiera arancione del Touring club italiano della provincia di Alessandria. Il paese, infatti, \u00e8 stato per secoli una roccaforte sulla Via del Sale controllata dalla Repubblica di Genova. La Superba le ha dato un\u2019impronta prettamente ligure nell\u2019urbanistica, nelle fortificazioni e soprattutto negli usi e nei costumi degli abitanti.<\/p><p>\u00a0<\/p><p>Dopo aver finito di bere un buon calice di Gavi, ti invito a visitare il borgo dal monumento simbolo del paese: il Forte.<\/p><p>\u00a0<\/p><p>Ore 9,30 incontro nostra guida Claudio che vi accompagnera\u2019 alla scoperta di Gavi, a partire dal suo simbolo per eccellenza: La fortezza.\u00a0 Arroccata sull\u2019alto colle che sovrasta il paese, \u00e8 un notevole esempio di architettura militare. Fu costruito dai Genovesi tra il \u2018500 e il\u2019600 e rappresenta l\u2019avamposto difensivo pi\u00f9 importante del Basso Piemonte.Ha la forma di stella a sei punte e venne edificato su un preesistente castello medievale. Quest\u2019ultimo aveva ospitato, tanto per sottolineare l\u2019importanza del luogo anche nel Medioevo, l\u2019imperatore Federico Barbarossa in fuga dopo sconfitta nella Battaglia di Legnano del 1176. Ai giorni nostri \u00e8 visitabile e ospita numerose iniziative, sia culturali che di promozione del territorio.<\/p><p>\u00a0<\/p><p>Ritornati in paese, girovagando per le vie, si incontrano altri interessanti monumenti da visitare. In primis la Chiesa di San Giacomo Maggiore risalente al XII secolo, costruita in stile romanico con l\u2019arenaria delle cave locali; la chiesa ha una pianta basilicale a tre navate ed \u00e8 sovrastata da un tiburio che funge da campanile. Molto caratteristico \u00e8 il portale strombato che, sopra l\u2019architrave, presenta una lunetta scolpita rappresentante l\u2019ultima cena. All\u2019interno \u00e8 presente un pregevole polittico del pittore Gandolfino da Roreto che raffigura la Madonna con Bambino tra i santi Giacomo e Giovanni Battista.<\/p><p>\u00a0<\/p><p>A poca distanza troverete uno dei pochi resti delle fortificazioni che cingevano Gavi in passato, il cosiddetto \u201cPortino\u201d. Questo era una delle porte che davano accesso al borgo; pur non essendoci documenti che affermino la data di costruzione, \u00e8 presumibile che sia del XVI secolo.<\/p><p><br \/>Al termine della visita citta\u2019 concludiamo la giornata cosi\u2019:<br \/>In breve tempo raggiumgiamo la\u00a0 &#8220;Big Bench #306&#8221;, situata nel vigneto Barabba, proprieta\u2019 dell\u2019Osteria Piemontemare. Piccola degustazione del vino prodotto in questo vigneto presso la panchina, esperienza tra i filari del vigneto e descrizione della zona attraverso il paesaggio per conoscere le caratteristiche della zona pi\u00f9 vicina al mare del Piemonte.<br \/>Conclusione della degustazione in Vineria Piemontemare, su un grande tavolo di legno, con degustazione guidata di tutti i nostri vini, accompagnati da piccoli assaggi di prodotti tipici.<\/p><p>\u00a0<\/p><h5>\u00a0<\/h5>\t\t\t\t\t\t\t\t<\/div>\n\t\t\t\t<\/div>\n\t\t\t\t\t<\/div>\n\t\t<\/div>\n\t\t\t\t\t\t<\/div>\n\t\t\t\t<div class=\"elementor-element elementor-element-70b7cf8 elementor-align-center elementor-button-default elementor-widget elementor-widget-button\" data-id=\"70b7cf8\" data-element_type=\"widget\" data-widget_type=\"button.default\">\n\t\t\t\t\t\t\t\t\t\t<a class=\"elementor-button elementor-button-link elementor-size-sm\" href=\"\/prenota\">\n\t\t\t\t\t\t<span class=\"elementor-button-content-wrapper\">\n\t\t\t\t\t\t<span class=\"elementor-button-icon\">\n\t\t\t\t<i aria-hidden=\"true\" class=\"recrutie-icon- recrutie-icon-arrow-up-right-1\"><\/i>\t\t\t<\/span>\n\t\t\t\t\t\t\t\t\t<span class=\"elementor-button-text\">Prenota<\/span>\n\t\t\t\t\t<\/span>\n\t\t\t\t\t<\/a>\n\t\t\t\t\t\t\t\t<\/div>\n\t\t\t\t\t<\/div>\n\t\t\t\t<\/div>\n\t\t<div class=\"elementor-element elementor-element-c425022 e-flex e-con-boxed e-con e-parent\" data-id=\"c425022\" data-element_type=\"container\">\n\t\t\t\t\t<div class=\"e-con-inner\">\n\t\t\t\t<div class=\"elementor-element elementor-element-9cdc102 gallery-spacing-custom elementor-widget elementor-widget-image-gallery\" data-id=\"9cdc102\" data-element_type=\"widget\" data-widget_type=\"image-gallery.default\">\n\t\t\t\t\t\t\t<div class=\"elementor-image-gallery\">\n\t\t\t<div id='gallery-1' class='gallery galleryid-2583 gallery-columns-5 gallery-size-full'><figure class='gallery-item'>\n\t\t\t<div class='gallery-icon landscape'>\n\t\t\t\t<a data-elementor-open-lightbox=\"yes\" data-elementor-lightbox-slideshow=\"9cdc102\" data-elementor-lightbox-title=\"CHIESA\" data-e-action-hash=\"#elementor-action%3Aaction%3Dlightbox%26settings%3DeyJpZCI6MjY5OCwidXJsIjoiaHR0cHM6XC9cL3d3dy5mYW5jeWZlc3RpdmFsLmNvbVwvdHJhdmVsY29uc3VsdGluZ1wvd3AtY29udGVudFwvdXBsb2Fkc1wvMjAyNVwvMDhcL0NISUVTQS5naWYiLCJzbGlkZXNob3ciOiI5Y2RjMTAyIn0%3D\" href='https:\/\/www.fancyfestival.com\/travelconsulting\/wp-content\/uploads\/2025\/08\/CHIESA.gif'><img decoding=\"async\" width=\"1080\" height=\"1080\" src=\"https:\/\/www.fancyfestival.com\/travelconsulting\/wp-content\/uploads\/2025\/08\/CHIESA.gif\" class=\"attachment-full size-full\" alt=\"\" \/><\/a>\n\t\t\t<\/div><\/figure><figure class='gallery-item'>\n\t\t\t<div class='gallery-icon landscape'>\n\t\t\t\t<a data-elementor-open-lightbox=\"yes\" data-elementor-lightbox-slideshow=\"9cdc102\" data-elementor-lightbox-title=\"FORTEZZA\" data-e-action-hash=\"#elementor-action%3Aaction%3Dlightbox%26settings%3DeyJpZCI6MjY5OSwidXJsIjoiaHR0cHM6XC9cL3d3dy5mYW5jeWZlc3RpdmFsLmNvbVwvdHJhdmVsY29uc3VsdGluZ1wvd3AtY29udGVudFwvdXBsb2Fkc1wvMjAyNVwvMDhcL0ZPUlRFWlpBLmdpZiIsInNsaWRlc2hvdyI6IjljZGMxMDIifQ%3D%3D\" href='https:\/\/www.fancyfestival.com\/travelconsulting\/wp-content\/uploads\/2025\/08\/FORTEZZA.gif'><img decoding=\"async\" width=\"1080\" height=\"1080\" src=\"https:\/\/www.fancyfestival.com\/travelconsulting\/wp-content\/uploads\/2025\/08\/FORTEZZA.gif\" class=\"attachment-full size-full\" alt=\"\" \/><\/a>\n\t\t\t<\/div><\/figure><figure class='gallery-item'>\n\t\t\t<div class='gallery-icon landscape'>\n\t\t\t\t<a data-elementor-open-lightbox=\"yes\" data-elementor-lightbox-slideshow=\"9cdc102\" data-elementor-lightbox-title=\"PANCHINA\" data-e-action-hash=\"#elementor-action%3Aaction%3Dlightbox%26settings%3DeyJpZCI6MjcwMCwidXJsIjoiaHR0cHM6XC9cL3d3dy5mYW5jeWZlc3RpdmFsLmNvbVwvdHJhdmVsY29uc3VsdGluZ1wvd3AtY29udGVudFwvdXBsb2Fkc1wvMjAyNVwvMDhcL1BBTkNISU5BLmdpZiIsInNsaWRlc2hvdyI6IjljZGMxMDIifQ%3D%3D\" href='https:\/\/www.fancyfestival.com\/travelconsulting\/wp-content\/uploads\/2025\/08\/PANCHINA.gif'><img loading=\"lazy\" decoding=\"async\" width=\"1080\" height=\"1080\" src=\"https:\/\/www.fancyfestival.com\/travelconsulting\/wp-content\/uploads\/2025\/08\/PANCHINA.gif\" class=\"attachment-full size-full\" alt=\"\" \/><\/a>\n\t\t\t<\/div><\/figure><figure class='gallery-item'>\n\t\t\t<div class='gallery-icon landscape'>\n\t\t\t\t<a data-elementor-open-lightbox=\"yes\" data-elementor-lightbox-slideshow=\"9cdc102\" data-elementor-lightbox-title=\"SCORCIO\" data-e-action-hash=\"#elementor-action%3Aaction%3Dlightbox%26settings%3DeyJpZCI6MjcwMSwidXJsIjoiaHR0cHM6XC9cL3d3dy5mYW5jeWZlc3RpdmFsLmNvbVwvdHJhdmVsY29uc3VsdGluZ1wvd3AtY29udGVudFwvdXBsb2Fkc1wvMjAyNVwvMDhcL1NDT1JDSU8uZ2lmIiwic2xpZGVzaG93IjoiOWNkYzEwMiJ9\" href='https:\/\/www.fancyfestival.com\/travelconsulting\/wp-content\/uploads\/2025\/08\/SCORCIO.gif'><img loading=\"lazy\" decoding=\"async\" width=\"1080\" height=\"1080\" src=\"https:\/\/www.fancyfestival.com\/travelconsulting\/wp-content\/uploads\/2025\/08\/SCORCIO.gif\" class=\"attachment-full size-full\" alt=\"\" \/><\/a>\n\t\t\t<\/div><\/figure><figure class='gallery-item'>\n\t\t\t<div class='gallery-icon landscape'>\n\t\t\t\t<a data-elementor-open-lightbox=\"yes\" data-elementor-lightbox-slideshow=\"9cdc102\" data-elementor-lightbox-title=\"VINI\" data-e-action-hash=\"#elementor-action%3Aaction%3Dlightbox%26settings%3DeyJpZCI6MjcwMiwidXJsIjoiaHR0cHM6XC9cL3d3dy5mYW5jeWZlc3RpdmFsLmNvbVwvdHJhdmVsY29uc3VsdGluZ1wvd3AtY29udGVudFwvdXBsb2Fkc1wvMjAyNVwvMDhcL1ZJTkkuZ2lmIiwic2xpZGVzaG93IjoiOWNkYzEwMiJ9\" href='https:\/\/www.fancyfestival.com\/travelconsulting\/wp-content\/uploads\/2025\/08\/VINI.gif'><img loading=\"lazy\" decoding=\"async\" width=\"1080\" height=\"1080\" src=\"https:\/\/www.fancyfestival.com\/travelconsulting\/wp-content\/uploads\/2025\/08\/VINI.gif\" class=\"attachment-full size-full\" alt=\"\" \/><\/a>\n\t\t\t<\/div><\/figure>\n\t\t<\/div>\n\t\t<\/div>\n\t\t\t\t\t\t<\/div>\n\t\t\t\t\t<\/div>\n\t\t\t\t<\/div>\n\t\t\t\t<\/div>\n\t\t","protected":false},"excerpt":{"rendered":"<p>I nostri pacchetti Benvenuti nel cuore pulsante delle nostre terre, dove ogni angolo racconta una storia e ogni vista incanta l&#8217;anima. &#8220;Focus On&#8221; non \u00e8 solo un\u2019esperienza, \u00e8 una celebrazione dei sensi, progettata per farvi vivere il nostro territorio in modo unico e indimenticabile. Focus on Cremolino e dintorni Gavi La nostra guida Claudio vi [&hellip;]<\/p>\n","protected":false},"author":1,"featured_media":0,"parent":0,"menu_order":0,"comment_status":"closed","ping_status":"closed","template":"template-homepage.php","meta":{"footnotes":""},"class_list":["post-2583","page","type-page","status-publish","hentry"],"_links":{"self":[{"href":"https:\/\/www.fancyfestival.com\/travelconsulting\/wp-json\/wp\/v2\/pages\/2583","targetHints":{"allow":["GET"]}}],"collection":[{"href":"https:\/\/www.fancyfestival.com\/travelconsulting\/wp-json\/wp\/v2\/pages"}],"about":[{"href":"https:\/\/www.fancyfestival.com\/travelconsulting\/wp-json\/wp\/v2\/types\/page"}],"author":[{"embeddable":true,"href":"https:\/\/www.fancyfestival.com\/travelconsulting\/wp-json\/wp\/v2\/users\/1"}],"replies":[{"embeddable":true,"href":"https:\/\/www.fancyfestival.com\/travelconsulting\/wp-json\/wp\/v2\/comments?post=2583"}],"version-history":[{"count":32,"href":"https:\/\/www.fancyfestival.com\/travelconsulting\/wp-json\/wp\/v2\/pages\/2583\/revisions"}],"predecessor-version":[{"id":2790,"href":"https:\/\/www.fancyfestival.com\/travelconsulting\/wp-json\/wp\/v2\/pages\/2583\/revisions\/2790"}],"wp:attachment":[{"href":"https:\/\/www.fancyfestival.com\/travelconsulting\/wp-json\/wp\/v2\/media?parent=2583"}],"curies":[{"name":"wp","href":"https:\/\/api.w.org\/{rel}","templated":true}]}}